{"id":2,"date":"2013-11-06T11:55:36","date_gmt":"2013-11-06T11:55:36","guid":{"rendered":"https:\/\/laperlaaustral.com.ar\/guerra-malvinas\/?page_id=2"},"modified":"2019-07-25T18:12:59","modified_gmt":"2019-07-25T18:12:59","slug":"pagina-ejemplo","status":"publish","type":"page","link":"https:\/\/laperlaaustral.com.ar\/guerra-malvinas\/pagina-ejemplo\/","title":{"rendered":"Arenga del Alte. Carlos Cesar Busser"},"content":{"rendered":"<h2 style=\"text-align: center;\">As\u00ed empez\u00f3 todo all\u00e1<\/h2>\n<p>Soy el Comandante de la Fuerza de desembarco, integrada por efectivos de la Infanter\u00eda de Marina y del Ej\u00e9rcito Argentino embarcados en este buque, de algunas fracciones a bordo del destructor Sant\u00edsima Trinidad, del rompehielos Almirante Irizar y de los buzos t\u00e1cticos embarcados en el submarino Santa Fe. Nuestra misi\u00f3n es desembarcar en nuestras Islas Malvinas y desalojar a las fuerzas militares y autoridades brit\u00e1nicas que se encuentran en ellas. Eso es lo que vamos a hacer .<br \/>El destino ha querido que nosotros seamos los encargados de reparar estos casi 150 a\u00f1os de usurpaci\u00f3n .<br \/>En esas islas vamos a encontrar una poblaci\u00f3n con la que debemos tener un trato especial. Son habitantes del territorio argentino y, por lo tanto deben ser tratados como lo son todos lo que viven en la Argentina. Ustedes deber\u00e1n respetar estrictamente la propiedad y la integridad de las personas. No entraran en ninguna residencia privada, si no es por razones de combate. Respetaran a las mujeres, a los ni\u00f1os, a los ancianos y a los hombres. Ser\u00e1n duros con el enemigo, pero corteses, respetuosos y amables con la poblaci\u00f3n de nuestro territorio, a la que debemos proteger. Si alguien incurre en violaci\u00f3n, robo o pillaje, le aplicare en forma inmediata la pena m\u00e1xima.<br \/>Ahora con la autorizaci\u00f3n del se\u00f1or comandante del grupo de transporte, quiero expresar que lo que haga la fuerza de desembarco ser\u00e1 el resultado de la brillante tarea que los integrantes de ese grupo ya ha realizado. Gracias por traernos hasta ac\u00e1 y gracias por ponernos ma\u00f1ana en la playa.<br \/>No dudo que el coraje, el honor y la capacitaci\u00f3n de todos ustedes, nos dar\u00e1 la victoria. Durante mucho tiempo hemos venido adiestrando nuestros m\u00fasculos y preparando nuestras mentes y nuestros corazones para el momento supremo de enfrentar al enemigo. Ese momento ha llegado.<br \/>Ma\u00f1ana ustedes ser\u00e1n los vencedores. Ma\u00f1ana mostraremos al mundo una fuerza Argentina valerosa en la guerra y generosa en la victoria. Que Dios los Proteja. Ahora dir\u00e1n conmigo.<\/p>\n<p><strong>\u00a1VIVA LA PATRIA ! <\/strong><\/p>\n<p><strong><a href=\"https:\/\/laperlaaustral.com.ar\/laperlaaustral\/laperlaaustralview.php?showdetail=&amp;id=4143\" target=\"_blank\" rel=\"noopener noreferrer\">Alte. Carlos Cesar Busser<\/a> <\/strong><\/p>\n<p>\u00a0<\/p>\n\n\n<div class=\"wp-block-image\"><figure class=\"aligncenter\"><img loading=\"lazy\" decoding=\"async\" width=\"157\" height=\"238\" src=\"https:\/\/laperlaaustral.com.ar\/guerra-malvinas\/wp-content\/uploads\/2019\/06\/Busser.jpg\" alt=\"Carlos Busser\" class=\"wp-image-389\"\/><figcaption>Carlos Busser<\/figcaption><\/figure><\/div>\n","protected":false},"excerpt":{"rendered":"<p>As\u00ed empez\u00f3 todo all\u00e1 Soy el Comandante de la Fuerza de desembarco, integrada por efectivos de la Infanter\u00eda de Marina y del Ej\u00e9rcito Argentino embarcados en este buque, de algunas fracciones a bordo del destructor Sant\u00edsima Trinidad, del rompehielos Almirante Irizar y de los buzos t\u00e1cticos embarcados en el submarino Santa Fe. Nuestra misi\u00f3n es&hellip; <br \/> <a class=\"read-more\" href=\"https:\/\/laperlaaustral.com.ar\/guerra-malvinas\/pagina-ejemplo\/\">Leer m\u00e1s<\/a><\/p>\n","protected":false},"author":2,"featured_media":0,"parent":0,"menu_order":0,"comment_status":"open","ping_status":"open","template":"","meta":{"_monsterinsights_skip_tracking":false,"_monsterinsights_sitenote_active":false,"_monsterinsights_sitenote_note":"","_monsterinsights_sitenote_category":0,"footnotes":""},"yoast_head":"<!-- This site is optimized with the Yoast SEO plugin v23.4 - https:\/\/yoast.com\/wordpress\/plugins\/seo\/ -->\n<title>Arenga del Alte. Carlos Cesar Busser - La Perla Austral<\/title>\n<meta name=\"description\" content=\"Soy el Comandante de la Fuerza de desembarco, integrada por efectivos de la Infanter\u00eda de Marina y del Ej\u00e9rcito Argentino embarcados en este buque\" \/>\n<meta name=\"robots\" content=\"index, follow, max-snippet:-1, max-image-preview:large, max-video-preview:-1\" \/>\n<link rel=\"canonical\" href=\"http:\/\/laperlaaustral.com.ar\/guerra-malvinas\/pagina-ejemplo\/\" \/>\n<meta property=\"og:locale\" content=\"es_ES\" \/>\n<meta property=\"og:type\" content=\"article\" \/>\n<meta property=\"og:title\" content=\"Arenga del Alte. Carlos Cesar Busser - La Perla Austral\" \/>\n<meta property=\"og:description\" content=\"Soy el Comandante de la Fuerza de desembarco, integrada por efectivos de la Infanter\u00eda de Marina y del Ej\u00e9rcito Argentino embarcados en este buque\" \/>\n<meta property=\"og:url\" content=\"http:\/\/laperlaaustral.com.ar\/guerra-malvinas\/pagina-ejemplo\/\" \/>\n<meta property=\"og:site_name\" content=\"La Perla Austral\" \/>\n<meta property=\"article:publisher\" content=\"https:\/\/www.facebook.com\/La-Perla-Austra-487959322032195\" \/>\n<meta property=\"article:modified_time\" content=\"2019-07-25T18:12:59+00:00\" \/>\n<meta property=\"og:image\" content=\"http:\/\/laperlaaustral.com.ar\/guerra-malvinas\/wp-content\/uploads\/2019\/06\/Busser.jpg\" \/>\n<meta name=\"twitter:card\" content=\"summary_large_image\" \/>\n<meta name=\"twitter:label1\" content=\"Tiempo de lectura\" \/>\n\t<meta name=\"twitter:data1\" content=\"2 minutos\" \/>\n<script type=\"application\/ld+json\" class=\"yoast-schema-graph\">{\"@context\":\"https:\/\/schema.org\",\"@graph\":[{\"@type\":\"WebPage\",\"@id\":\"http:\/\/laperlaaustral.com.ar\/guerra-malvinas\/pagina-ejemplo\/\",\"url\":\"http:\/\/laperlaaustral.com.ar\/guerra-malvinas\/pagina-ejemplo\/\",\"name\":\"Arenga del Alte. Carlos Cesar Busser - La Perla Austral\",\"isPartOf\":{\"@id\":\"http:\/\/laperlaaustral.com.ar\/guerra-malvinas\/#website\"},\"primaryImageOfPage\":{\"@id\":\"http:\/\/laperlaaustral.com.ar\/guerra-malvinas\/pagina-ejemplo\/#primaryimage\"},\"image\":{\"@id\":\"http:\/\/laperlaaustral.com.ar\/guerra-malvinas\/pagina-ejemplo\/#primaryimage\"},\"thumbnailUrl\":\"https:\/\/laperlaaustral.com.ar\/guerra-malvinas\/wp-content\/uploads\/2019\/06\/Busser.jpg\",\"datePublished\":\"2013-11-06T11:55:36+00:00\",\"dateModified\":\"2019-07-25T18:12:59+00:00\",\"description\":\"Soy el Comandante de la Fuerza de desembarco, integrada por efectivos de la Infanter\u00eda de Marina y del Ej\u00e9rcito Argentino embarcados en este buque\",\"breadcrumb\":{\"@id\":\"http:\/\/laperlaaustral.com.ar\/guerra-malvinas\/pagina-ejemplo\/#breadcrumb\"},\"inLanguage\":\"es\",\"potentialAction\":[{\"@type\":\"ReadAction\",\"target\":[\"http:\/\/laperlaaustral.com.ar\/guerra-malvinas\/pagina-ejemplo\/\"]}]},{\"@type\":\"ImageObject\",\"inLanguage\":\"es\",\"@id\":\"http:\/\/laperlaaustral.com.ar\/guerra-malvinas\/pagina-ejemplo\/#primaryimage\",\"url\":\"https:\/\/laperlaaustral.com.ar\/guerra-malvinas\/wp-content\/uploads\/2019\/06\/Busser.jpg\",\"contentUrl\":\"https:\/\/laperlaaustral.com.ar\/guerra-malvinas\/wp-content\/uploads\/2019\/06\/Busser.jpg\",\"width\":157,\"height\":238,\"caption\":\"Carlos Busser\"},{\"@type\":\"BreadcrumbList\",\"@id\":\"http:\/\/laperlaaustral.com.ar\/guerra-malvinas\/pagina-ejemplo\/#breadcrumb\",\"itemListElement\":[{\"@type\":\"ListItem\",\"position\":1,\"name\":\"Portada\",\"item\":\"https:\/\/laperlaaustral.com.ar\/guerra-malvinas\/\"},{\"@type\":\"ListItem\",\"position\":2,\"name\":\"Arenga del Alte. Carlos Cesar Busser\"}]},{\"@type\":\"WebSite\",\"@id\":\"http:\/\/laperlaaustral.com.ar\/guerra-malvinas\/#website\",\"url\":\"http:\/\/laperlaaustral.com.ar\/guerra-malvinas\/\",\"name\":\"La Perla Austral\",\"description\":\"Guerra de Malvinas 1982\",\"potentialAction\":[{\"@type\":\"SearchAction\",\"target\":{\"@type\":\"EntryPoint\",\"urlTemplate\":\"http:\/\/laperlaaustral.com.ar\/guerra-malvinas\/?s={search_term_string}\"},\"query-input\":{\"@type\":\"PropertyValueSpecification\",\"valueRequired\":true,\"valueName\":\"search_term_string\"}}],\"inLanguage\":\"es\"}]}<\/script>\n<!-- \/ Yoast SEO plugin. -->","yoast_head_json":{"title":"Arenga del Alte. Carlos Cesar Busser - La Perla Austral","description":"Soy el Comandante de la Fuerza de desembarco, integrada por efectivos de la Infanter\u00eda de Marina y del Ej\u00e9rcito Argentino embarcados en este buque","robots":{"index":"index","follow":"follow","max-snippet":"max-snippet:-1","max-image-preview":"max-image-preview:large","max-video-preview":"max-video-preview:-1"},"canonical":"http:\/\/laperlaaustral.com.ar\/guerra-malvinas\/pagina-ejemplo\/","og_locale":"es_ES","og_type":"article","og_title":"Arenga del Alte. Carlos Cesar Busser - La Perla Austral","og_description":"Soy el Comandante de la Fuerza de desembarco, integrada por efectivos de la Infanter\u00eda de Marina y del Ej\u00e9rcito Argentino embarcados en este buque","og_url":"http:\/\/laperlaaustral.com.ar\/guerra-malvinas\/pagina-ejemplo\/","og_site_name":"La Perla Austral","article_publisher":"https:\/\/www.facebook.com\/La-Perla-Austra-487959322032195","article_modified_time":"2019-07-25T18:12:59+00:00","og_image":[{"url":"http:\/\/laperlaaustral.com.ar\/guerra-malvinas\/wp-content\/uploads\/2019\/06\/Busser.jpg"}],"twitter_card":"summary_large_image","twitter_misc":{"Tiempo de lectura":"2 minutos"},"schema":{"@context":"https:\/\/schema.org","@graph":[{"@type":"WebPage","@id":"http:\/\/laperlaaustral.com.ar\/guerra-malvinas\/pagina-ejemplo\/","url":"http:\/\/laperlaaustral.com.ar\/guerra-malvinas\/pagina-ejemplo\/","name":"Arenga del Alte. Carlos Cesar Busser - La Perla Austral","isPartOf":{"@id":"http:\/\/laperlaaustral.com.ar\/guerra-malvinas\/#website"},"primaryImageOfPage":{"@id":"http:\/\/laperlaaustral.com.ar\/guerra-malvinas\/pagina-ejemplo\/#primaryimage"},"image":{"@id":"http:\/\/laperlaaustral.com.ar\/guerra-malvinas\/pagina-ejemplo\/#primaryimage"},"thumbnailUrl":"https:\/\/laperlaaustral.com.ar\/guerra-malvinas\/wp-content\/uploads\/2019\/06\/Busser.jpg","datePublished":"2013-11-06T11:55:36+00:00","dateModified":"2019-07-25T18:12:59+00:00","description":"Soy el Comandante de la Fuerza de desembarco, integrada por efectivos de la Infanter\u00eda de Marina y del Ej\u00e9rcito Argentino embarcados en este buque","breadcrumb":{"@id":"http:\/\/laperlaaustral.com.ar\/guerra-malvinas\/pagina-ejemplo\/#breadcrumb"},"inLanguage":"es","potentialAction":[{"@type":"ReadAction","target":["http:\/\/laperlaaustral.com.ar\/guerra-malvinas\/pagina-ejemplo\/"]}]},{"@type":"ImageObject","inLanguage":"es","@id":"http:\/\/laperlaaustral.com.ar\/guerra-malvinas\/pagina-ejemplo\/#primaryimage","url":"https:\/\/laperlaaustral.com.ar\/guerra-malvinas\/wp-content\/uploads\/2019\/06\/Busser.jpg","contentUrl":"https:\/\/laperlaaustral.com.ar\/guerra-malvinas\/wp-content\/uploads\/2019\/06\/Busser.jpg","width":157,"height":238,"caption":"Carlos Busser"},{"@type":"BreadcrumbList","@id":"http:\/\/laperlaaustral.com.ar\/guerra-malvinas\/pagina-ejemplo\/#breadcrumb","itemListElement":[{"@type":"ListItem","position":1,"name":"Portada","item":"https:\/\/laperlaaustral.com.ar\/guerra-malvinas\/"},{"@type":"ListItem","position":2,"name":"Arenga del Alte. Carlos Cesar Busser"}]},{"@type":"WebSite","@id":"http:\/\/laperlaaustral.com.ar\/guerra-malvinas\/#website","url":"http:\/\/laperlaaustral.com.ar\/guerra-malvinas\/","name":"La Perla Austral","description":"Guerra de Malvinas 1982","potentialAction":[{"@type":"SearchAction","target":{"@type":"EntryPoint","urlTemplate":"http:\/\/laperlaaustral.com.ar\/guerra-malvinas\/?s={search_term_string}"},"query-input":{"@type":"PropertyValueSpecification","valueRequired":true,"valueName":"search_term_string"}}],"inLanguage":"es"}]}},"_links":{"self":[{"href":"https:\/\/laperlaaustral.com.ar\/guerra-malvinas\/wp-json\/wp\/v2\/pages\/2"}],"collection":[{"href":"https:\/\/laperlaaustral.com.ar\/guerra-malvinas\/wp-json\/wp\/v2\/pages"}],"about":[{"href":"https:\/\/laperlaaustral.com.ar\/guerra-malvinas\/wp-json\/wp\/v2\/types\/page"}],"author":[{"embeddable":true,"href":"https:\/\/laperlaaustral.com.ar\/guerra-malvinas\/wp-json\/wp\/v2\/users\/2"}],"replies":[{"embeddable":true,"href":"https:\/\/laperlaaustral.com.ar\/guerra-malvinas\/wp-json\/wp\/v2\/comments?post=2"}],"version-history":[{"count":2,"href":"https:\/\/laperlaaustral.com.ar\/guerra-malvinas\/wp-json\/wp\/v2\/pages\/2\/revisions"}],"predecessor-version":[{"id":2847,"href":"https:\/\/laperlaaustral.com.ar\/guerra-malvinas\/wp-json\/wp\/v2\/pages\/2\/revisions\/2847"}],"wp:attachment":[{"href":"https:\/\/laperlaaustral.com.ar\/guerra-malvinas\/wp-json\/wp\/v2\/media?parent=2"}],"curies":[{"name":"wp","href":"https:\/\/api.w.org\/{rel}","templated":true}]}}